{"id":7,"date":"2025-08-22T13:03:41","date_gmt":"2025-08-22T13:03:41","guid":{"rendered":"https:\/\/dentis3.mx\/about\/"},"modified":"2026-01-17T22:20:36","modified_gmt":"2026-01-17T22:20:36","slug":"nosotros","status":"publish","type":"page","link":"https:\/\/dentis3.mx\/en\/nosotros\/","title":{"rendered":"About Us"},"content":{"rendered":"<div data-elementor-type=\"wp-page\" data-elementor-id=\"7\" class=\"elementor elementor-7\">\n\t\t\t\t<div class=\"elementor-element elementor-element-15ceb221 e-flex e-con-boxed e-con e-parent\" data-id=\"15ceb221\" data-element_type=\"container\" data-e-type=\"container\">\n\t\t\t\t\t<div class=\"e-con-inner\">\n\t\t<div class=\"elementor-element elementor-element-bb59af2 e-con-full e-flex e-con e-child\" data-id=\"bb59af2\" data-element_type=\"container\" data-e-type=\"container\">\n\t\t\t\t<div class=\"elementor-element elementor-element-f40d62e elementor-widget elementor-widget-heading\" data-id=\"f40d62e\" data-element_type=\"widget\" data-e-type=\"widget\" data-widget_type=\"heading.default\">\n\t\t\t\t\t<h2 class=\"elementor-heading-title elementor-size-default\">Who are we?<\/h2>\t\t\t\t<\/div>\n\t\t<div class=\"elementor-element elementor-element-6775b9e e-con-full e-flex e-con e-child\" data-id=\"6775b9e\" data-element_type=\"container\" data-e-type=\"container\">\n\t\t\t\t<div class=\"elementor-element elementor-element-38ab5a4 elementor-widget elementor-widget-image\" data-id=\"38ab5a4\" data-element_type=\"widget\" data-e-type=\"widget\" data-widget_type=\"image.default\">\n\t\t\t\t\t\t\t\t\t\t\t\t\t\t\t<img fetchpriority=\"high\" decoding=\"async\" width=\"1600\" height=\"1066\" src=\"https:\/\/dentis3.mx\/wp-content\/uploads\/2026\/01\/Nosotros-Dentis3.jpg\" class=\"attachment-full size-full wp-image-349\" alt=\"\" srcset=\"https:\/\/dentis3.mx\/wp-content\/uploads\/2026\/01\/Nosotros-Dentis3.jpg 1600w, https:\/\/dentis3.mx\/wp-content\/uploads\/2026\/01\/Nosotros-Dentis3-300x200.jpg 300w, https:\/\/dentis3.mx\/wp-content\/uploads\/2026\/01\/Nosotros-Dentis3-1024x682.jpg 1024w, https:\/\/dentis3.mx\/wp-content\/uploads\/2026\/01\/Nosotros-Dentis3-768x512.jpg 768w, https:\/\/dentis3.mx\/wp-content\/uploads\/2026\/01\/Nosotros-Dentis3-1536x1023.jpg 1536w, https:\/\/dentis3.mx\/wp-content\/uploads\/2026\/01\/Nosotros-Dentis3-18x12.jpg 18w\" sizes=\"(max-width: 1600px) 100vw, 1600px\" \/>\t\t\t\t\t\t\t\t\t\t\t\t\t\t\t<\/div>\n\t\t\t\t<div class=\"elementor-element elementor-element-a6fcc67 elementor-widget elementor-widget-text-editor\" data-id=\"a6fcc67\" data-element_type=\"widget\" data-e-type=\"widget\" data-widget_type=\"text-editor.default\">\n\t\t\t\t\t\t\t\t\t<p class=\"hostinger-ai-description has-medium-font-size\" style=\"text-align: left;\">Dentis3 Somos una Cl\u00ednica de Especialidades Dentales, atendida por Profesionales de la Odontolog\u00eda que contamos con los conocimientos, habilidades y experiencia, para ayudarte a conseguir una boca saludable, est\u00e9tica y funcional. Ofrecemos calidad en el servicio y orientaci\u00f3n al paciente, nos caracteriza la accesibilidad, amabilidad y atenci\u00f3n personalizada.<\/p><p class=\"hostinger-ai-description has-medium-font-size\" style=\"text-align: left;\">We specialize in Cosmetic Dentistry, Orthodontics, Dentofacial Orthopedics, Periodontics, Dental Implants, Oral Surgery and Care for Diabetic Patients.<\/p><p><!-- \/wp:paragraph --><!-- wp:paragraph {\"className\":\"hostinger-ai-description\",\"fontSize\":\"medium\"} --><\/p><p><!-- \/wp:paragraph --><!-- wp:paragraph {\"className\":\"hostinger-ai-description\",\"fontSize\":\"medium\"} --><\/p>\t\t\t\t\t\t\t\t<\/div>\n\t\t\t\t<\/div>\n\t\t<div class=\"elementor-element elementor-element-36b1383 e-con-full e-flex e-con e-child\" data-id=\"36b1383\" data-element_type=\"container\" data-e-type=\"container\">\n\t\t<div class=\"elementor-element elementor-element-04270c3 e-con-full e-flex e-con e-child\" data-id=\"04270c3\" data-element_type=\"container\" data-e-type=\"container\">\n\t\t\t\t<div class=\"elementor-element elementor-element-54f7ce1 elementor-widget elementor-widget-image\" data-id=\"54f7ce1\" data-element_type=\"widget\" data-e-type=\"widget\" data-widget_type=\"image.default\">\n\t\t\t\t\t\t\t\t\t\t\t\t\t\t\t<img decoding=\"async\" width=\"400\" height=\"500\" src=\"https:\/\/dentis3.mx\/wp-content\/uploads\/2026\/01\/Linda3.png\" class=\"attachment-large size-large wp-image-389\" alt=\"\" srcset=\"https:\/\/dentis3.mx\/wp-content\/uploads\/2026\/01\/Linda3.png 400w, https:\/\/dentis3.mx\/wp-content\/uploads\/2026\/01\/Linda3-240x300.png 240w, https:\/\/dentis3.mx\/wp-content\/uploads\/2026\/01\/Linda3-10x12.png 10w\" sizes=\"(max-width: 400px) 100vw, 400px\" \/>\t\t\t\t\t\t\t\t\t\t\t\t\t\t\t<\/div>\n\t\t\t\t<\/div>\n\t\t<div class=\"elementor-element elementor-element-60b4b48 e-con-full e-flex e-con e-child\" data-id=\"60b4b48\" data-element_type=\"container\" data-e-type=\"container\">\n\t\t\t\t<div class=\"elementor-element elementor-element-a5e3ab4 elementor-widget elementor-widget-text-editor\" data-id=\"a5e3ab4\" data-element_type=\"widget\" data-e-type=\"widget\" data-widget_type=\"text-editor.default\">\n\t\t\t\t\t\t\t\t\t<h3>Dra. Linda Lizzeth Calles Elizondo<\/h3><h3 data-start=\"238\" data-end=\"298\"><strong data-start=\"238\" data-end=\"298\">Cirujano Dentista | Especialidad en Ortodoncia y Ortopedia Dentofacial<\/strong><\/h3><h4 data-start=\"300\" data-end=\"597\">Ced Prof 3090509<br \/>Ced Esp 6384549<\/h4><p data-start=\"300\" data-end=\"597\">La Dr. Linda es un cirujano dentista comprometida con brindar atenci\u00f3n dental de alta calidad, enfocada en el bienestar, la confianza y la sonrisa de cada paciente. Cuenta con una s\u00f3lida formaci\u00f3n profesional y amplia experiencia en tratamientos dentales preventivos, Ortopedia Maxilar en ni\u00f1os, ortodoncia convencional, est\u00e9tica y digital.<\/p><p data-start=\"300\" data-end=\"597\"><strong>Certificaci\u00f3n en Invisalign y Clear Correct<\/strong>.<\/p>\t\t\t\t\t\t\t\t<\/div>\n\t\t\t\t<\/div>\n\t\t\t\t<\/div>\n\t\t<div class=\"elementor-element elementor-element-2642aa6 e-con-full e-flex e-con e-child\" data-id=\"2642aa6\" data-element_type=\"container\" data-e-type=\"container\">\n\t\t<div class=\"elementor-element elementor-element-9f21433 e-con-full e-flex e-con e-child\" data-id=\"9f21433\" data-element_type=\"container\" data-e-type=\"container\">\n\t\t\t\t<div class=\"elementor-element elementor-element-742a519 elementor-widget elementor-widget-image\" data-id=\"742a519\" data-element_type=\"widget\" data-e-type=\"widget\" data-widget_type=\"image.default\">\n\t\t\t\t\t\t\t\t\t\t\t\t\t\t\t<img decoding=\"async\" width=\"400\" height=\"500\" src=\"https:\/\/dentis3.mx\/wp-content\/uploads\/2026\/01\/Kristy2.png\" class=\"attachment-large size-large wp-image-585\" alt=\"\" srcset=\"https:\/\/dentis3.mx\/wp-content\/uploads\/2026\/01\/Kristy2.png 400w, https:\/\/dentis3.mx\/wp-content\/uploads\/2026\/01\/Kristy2-240x300.png 240w, https:\/\/dentis3.mx\/wp-content\/uploads\/2026\/01\/Kristy2-10x12.png 10w\" sizes=\"(max-width: 400px) 100vw, 400px\" \/>\t\t\t\t\t\t\t\t\t\t\t\t\t\t\t<\/div>\n\t\t\t\t<\/div>\n\t\t\t\t<div class=\"elementor-element elementor-element-bc0d11b elementor-widget elementor-widget-text-editor\" data-id=\"bc0d11b\" data-element_type=\"widget\" data-e-type=\"widget\" data-widget_type=\"text-editor.default\">\n\t\t\t\t\t\t\t\t\t<h3>Dra. Kristy Garcia de los Reyes<br \/>Cirujano Dentista UadeC<br \/>Especialidad en Endodoncia Maestr\u00eda en ciencias Odontol\u00f3gicas UadeC <br \/>Cedula Profesional Lic. 1036575 Maestria. 12473020<\/h3>\n<p><br \/>Se especializa en el diagn\u00f3stico y tratamiento del dolor dental, atendiendo tanto urgencias como tratamientos endod\u00f3nticos complejos, siempre con el objetivo de conservar los dientes naturales y mejorar la calidad de vida de sus pacientes.<\/p>\n<p>Su pr\u00e1ctica se distingue por ofrecer una atenci\u00f3n profesional, \u00e9tica y personalizada, combinando con tecnolog\u00eda de vanguardia como lo es con el uso del MICROSCOPIO DENTAL. Gracias al uso del microscopio, los procedimientos de endodoncia son m\u00e1s precisos, menos invasivos y m\u00e1s confiables, lo que se traduce en mejores y mas exitosos resultados para el paciente.<\/p>\t\t\t\t\t\t\t\t<\/div>\n\t\t\t\t<\/div>\n\t\t<div class=\"elementor-element elementor-element-aff14da e-con-full e-flex e-con e-child\" data-id=\"aff14da\" data-element_type=\"container\" data-e-type=\"container\">\n\t\t<div class=\"elementor-element elementor-element-fe7ce8b e-con-full e-flex e-con e-child\" data-id=\"fe7ce8b\" data-element_type=\"container\" data-e-type=\"container\">\n\t\t\t\t<div class=\"elementor-element elementor-element-3f316bb elementor-widget__width-initial elementor-widget elementor-widget-image\" data-id=\"3f316bb\" data-element_type=\"widget\" data-e-type=\"widget\" data-widget_type=\"image.default\">\n\t\t\t\t\t\t\t\t\t\t\t\t\t\t\t<img loading=\"lazy\" decoding=\"async\" width=\"400\" height=\"500\" src=\"https:\/\/dentis3.mx\/wp-content\/uploads\/2026\/01\/Irma.png\" class=\"attachment-large size-large wp-image-383\" alt=\"\" srcset=\"https:\/\/dentis3.mx\/wp-content\/uploads\/2026\/01\/Irma.png 400w, https:\/\/dentis3.mx\/wp-content\/uploads\/2026\/01\/Irma-240x300.png 240w, https:\/\/dentis3.mx\/wp-content\/uploads\/2026\/01\/Irma-10x12.png 10w\" sizes=\"(max-width: 400px) 100vw, 400px\" \/>\t\t\t\t\t\t\t\t\t\t\t\t\t\t\t<\/div>\n\t\t\t\t<\/div>\n\t\t<div class=\"elementor-element elementor-element-cd9980f e-con-full e-flex e-con e-child\" data-id=\"cd9980f\" data-element_type=\"container\" data-e-type=\"container\">\n\t\t\t\t<div class=\"elementor-element elementor-element-9cf8463 elementor-widget elementor-widget-text-editor\" data-id=\"9cf8463\" data-element_type=\"widget\" data-e-type=\"widget\" data-widget_type=\"text-editor.default\">\n\t\t\t\t\t\t\t\t\t<h3 data-start=\"200\" data-end=\"237\">Dra. Irma Yolanda Marines Cano<\/h3>\n<h4 data-start=\"238\" data-end=\"298\"><strong data-start=\"238\" data-end=\"298\">Cirujano Dentista | UANL<\/strong><\/h4>\n<h4 data-start=\"238\" data-end=\"298\"><strong data-start=\"238\" data-end=\"298\">Ced Prof .2084838<\/strong><\/h4>\n<p data-start=\"300\" data-end=\"597\">La Dra. Irma es una cirujano dentista apasionada por el cuidado de la salud bucal y la est\u00e9tica dental. Su compromiso es ofrecer tratamientos de alta calidad, enfocados en la prevenci\u00f3n, la funcionalidad y la armon\u00eda de la sonrisa, siempre priorizando la comodidad y confianza de cada paciente.<\/p>\t\t\t\t\t\t\t\t<\/div>\n\t\t\t\t<\/div>\n\t\t\t\t<\/div>\n\t\t<div class=\"elementor-element elementor-element-b7a3044 e-con-full e-flex e-con e-child\" data-id=\"b7a3044\" data-element_type=\"container\" data-e-type=\"container\">\n\t\t<div class=\"elementor-element elementor-element-74fa81d e-con-full e-flex e-con e-child\" data-id=\"74fa81d\" data-element_type=\"container\" data-e-type=\"container\">\n\t\t\t\t<div class=\"elementor-element elementor-element-e4378da elementor-widget__width-initial elementor-widget elementor-widget-image\" data-id=\"e4378da\" data-element_type=\"widget\" data-e-type=\"widget\" data-widget_type=\"image.default\">\n\t\t\t\t\t\t\t\t\t\t\t\t\t\t\t<img loading=\"lazy\" decoding=\"async\" width=\"400\" height=\"500\" src=\"https:\/\/dentis3.mx\/wp-content\/uploads\/2026\/01\/Ana.png\" class=\"attachment-large size-large wp-image-384\" alt=\"\" srcset=\"https:\/\/dentis3.mx\/wp-content\/uploads\/2026\/01\/Ana.png 400w, https:\/\/dentis3.mx\/wp-content\/uploads\/2026\/01\/Ana-240x300.png 240w, https:\/\/dentis3.mx\/wp-content\/uploads\/2026\/01\/Ana-10x12.png 10w\" sizes=\"(max-width: 400px) 100vw, 400px\" \/>\t\t\t\t\t\t\t\t\t\t\t\t\t\t\t<\/div>\n\t\t\t\t<\/div>\n\t\t<div class=\"elementor-element elementor-element-578d104 e-con-full e-flex e-con e-child\" data-id=\"578d104\" data-element_type=\"container\" data-e-type=\"container\">\n\t\t\t\t<div class=\"elementor-element elementor-element-b9dba5d elementor-widget elementor-widget-text-editor\" data-id=\"b9dba5d\" data-element_type=\"widget\" data-e-type=\"widget\" data-widget_type=\"text-editor.default\">\n\t\t\t\t\t\t\t\t\t<h3>Dra. Ana Gabriela Puente Faccio<\/h3>\n<h3 data-start=\"238\" data-end=\"298\"><strong>Cirujano Dentista | Cirujano Dentista UAdeC<\/strong><\/h3>\n<h4>Ced Prof 3746209<\/h4>\n<p data-start=\"238\" data-end=\"298\"><br \/>Experiencia en Odontologia General Integral y Cosm\u00e9tica, Diagnostico, Prevenci\u00f3n y Tratamiento de enfermedades y condiciones que afectan a los dientes, enc\u00edas y otras estructuras de la boca, utilizando m\u00e9todos de Prevenci\u00f3n, Terapia Odontologica, Rehabilitacion Estetica Dental y Cirugia Bucal as\u00ed como otras t\u00e9cnicas y estrategias cl\u00ednicas con tecnologia de vanguardia, garantizando una atenci\u00f3n dental de primer nivel.<\/p>\t\t\t\t\t\t\t\t<\/div>\n\t\t\t\t<\/div>\n\t\t\t\t<\/div>\n\t\t\t\t<\/div>\n\t\t\t\t\t<\/div>\n\t\t\t\t<\/div>\n\t\t\t\t<\/div>","protected":false},"excerpt":{"rendered":"<p>\u00bfQui\u00e9nes Somos? Dentis3 Somos una Cl\u00ednica de Especialidades Dentales, atendida por Profesionales de la Odontolog\u00eda que contamos con los conocimientos, [&hellip;]<\/p>","protected":false},"author":1,"featured_media":0,"parent":0,"menu_order":0,"comment_status":"closed","ping_status":"closed","template":"","meta":{"om_disable_all_campaigns":false,"_monsterinsights_skip_tracking":false,"_monsterinsights_sitenote_active":false,"_monsterinsights_sitenote_note":"","_monsterinsights_sitenote_category":0,"site-sidebar-layout":"default","site-content-layout":"","ast-site-content-layout":"default","site-content-style":"default","site-sidebar-style":"default","ast-global-header-display":"","ast-banner-title-visibility":"","ast-main-header-display":"","ast-hfb-above-header-display":"","ast-hfb-below-header-display":"","ast-hfb-mobile-header-display":"","site-post-title":"","ast-breadcrumbs-content":"","ast-featured-img":"","footer-sml-layout":"","ast-disable-related-posts":"","theme-transparent-header-meta":"","adv-header-id-meta":"","stick-header-meta":"","header-above-stick-meta":"","header-main-stick-meta":"","header-below-stick-meta":"","astra-migrate-meta-layouts":"default","ast-page-background-enabled":"default","ast-page-background-meta":{"desktop":{"background-color":"var(--ast-global-color-5)","background-image":"","background-repeat":"repeat","background-position":"center center","background-size":"auto","background-attachment":"scroll","background-type":"","background-media":"","overlay-type":"","overlay-color":"","overlay-opacity":"","overlay-gradient":""},"tablet":{"background-color":"","background-image":"","background-repeat":"repeat","background-position":"center center","background-size":"auto","background-attachment":"scroll","background-type":"","background-media":"","overlay-type":"","overlay-color":"","overlay-opacity":"","overlay-gradient":""},"mobile":{"background-color":"","background-image":"","background-repeat":"repeat","background-position":"center center","background-size":"auto","background-attachment":"scroll","background-type":"","background-media":"","overlay-type":"","overlay-color":"","overlay-opacity":"","overlay-gradient":""}},"ast-content-background-meta":{"desktop":{"background-color":"var(--ast-global-color-4)","background-image":"","background-repeat":"repeat","background-position":"center center","background-size":"auto","background-attachment":"scroll","background-type":"","background-media":"","overlay-type":"","overlay-color":"","overlay-opacity":"","overlay-gradient":""},"tablet":{"background-color":"var(--ast-global-color-4)","background-image":"","background-repeat":"repeat","background-position":"center center","background-size":"auto","background-attachment":"scroll","background-type":"","background-media":"","overlay-type":"","overlay-color":"","overlay-opacity":"","overlay-gradient":""},"mobile":{"background-color":"var(--ast-global-color-4)","background-image":"","background-repeat":"repeat","background-position":"center center","background-size":"auto","background-attachment":"scroll","background-type":"","background-media":"","overlay-type":"","overlay-color":"","overlay-opacity":"","overlay-gradient":""}},"footnotes":""},"class_list":["post-7","page","type-page","status-publish","hentry"],"aioseo_notices":[],"_hostinger_reach_plugin_has_subscription_block":false,"_hostinger_reach_plugin_is_elementor":false,"_links":{"self":[{"href":"https:\/\/dentis3.mx\/en\/wp-json\/wp\/v2\/pages\/7","targetHints":{"allow":["GET"]}}],"collection":[{"href":"https:\/\/dentis3.mx\/en\/wp-json\/wp\/v2\/pages"}],"about":[{"href":"https:\/\/dentis3.mx\/en\/wp-json\/wp\/v2\/types\/page"}],"author":[{"embeddable":true,"href":"https:\/\/dentis3.mx\/en\/wp-json\/wp\/v2\/users\/1"}],"replies":[{"embeddable":true,"href":"https:\/\/dentis3.mx\/en\/wp-json\/wp\/v2\/comments?post=7"}],"version-history":[{"count":81,"href":"https:\/\/dentis3.mx\/en\/wp-json\/wp\/v2\/pages\/7\/revisions"}],"predecessor-version":[{"id":588,"href":"https:\/\/dentis3.mx\/en\/wp-json\/wp\/v2\/pages\/7\/revisions\/588"}],"wp:attachment":[{"href":"https:\/\/dentis3.mx\/en\/wp-json\/wp\/v2\/media?parent=7"}],"curies":[{"name":"wp","href":"https:\/\/api.w.org\/{rel}","templated":true}]}}