{"id":185,"date":"2026-01-08T18:10:03","date_gmt":"2026-01-08T18:10:03","guid":{"rendered":"https:\/\/dentis3.mx\/?page_id=185"},"modified":"2026-01-14T19:05:27","modified_gmt":"2026-01-14T19:05:27","slug":"ortodoncia","status":"publish","type":"page","link":"https:\/\/dentis3.mx\/en\/soluciones-dentales\/ortodoncia\/","title":{"rendered":"Orthodontics"},"content":{"rendered":"<div data-elementor-type=\"wp-page\" data-elementor-id=\"185\" class=\"elementor elementor-185\">\n\t\t\t\t<div class=\"elementor-element elementor-element-52c1517 e-flex e-con-boxed e-con e-parent\" data-id=\"52c1517\" data-element_type=\"container\" data-e-type=\"container\">\n\t\t\t\t\t<div class=\"e-con-inner\">\n\t\t\t\t<div class=\"elementor-element elementor-element-312260b elementor-widget elementor-widget-heading\" data-id=\"312260b\" data-element_type=\"widget\" data-e-type=\"widget\" data-widget_type=\"heading.default\">\n\t\t\t\t\t<h2 class=\"elementor-heading-title elementor-size-default\">What is Orthodontics?<\/h2>\t\t\t\t<\/div>\n\t\t<div class=\"elementor-element elementor-element-0c5f062 e-con-full e-flex e-con e-child\" data-id=\"0c5f062\" data-element_type=\"container\" data-e-type=\"container\">\n\t\t<div class=\"elementor-element elementor-element-3f7d1bb e-con-full e-flex e-con e-child\" data-id=\"3f7d1bb\" data-element_type=\"container\" data-e-type=\"container\">\n\t\t\t\t<div class=\"elementor-element elementor-element-32033c4 elementor-widget elementor-widget-image\" data-id=\"32033c4\" data-element_type=\"widget\" data-e-type=\"widget\" data-widget_type=\"image.default\">\n\t\t\t\t\t\t\t\t\t\t\t\t\t\t\t<img fetchpriority=\"high\" decoding=\"async\" width=\"736\" height=\"736\" src=\"https:\/\/dentis3.mx\/wp-content\/uploads\/2026\/01\/Invisilign.jpg\" class=\"attachment-medium_large size-medium_large wp-image-211\" alt=\"\" srcset=\"https:\/\/dentis3.mx\/wp-content\/uploads\/2026\/01\/Invisilign.jpg 736w, https:\/\/dentis3.mx\/wp-content\/uploads\/2026\/01\/Invisilign-300x300.jpg 300w, https:\/\/dentis3.mx\/wp-content\/uploads\/2026\/01\/Invisilign-150x150.jpg 150w, https:\/\/dentis3.mx\/wp-content\/uploads\/2026\/01\/Invisilign-12x12.jpg 12w\" sizes=\"(max-width: 736px) 100vw, 736px\" \/>\t\t\t\t\t\t\t\t\t\t\t\t\t\t\t<\/div>\n\t\t\t\t<div class=\"elementor-element elementor-element-288664f elementor-widget elementor-widget-image\" data-id=\"288664f\" data-element_type=\"widget\" data-e-type=\"widget\" data-widget_type=\"image.default\">\n\t\t\t\t\t\t\t\t\t\t\t\t\t\t\t<img decoding=\"async\" width=\"768\" height=\"768\" src=\"https:\/\/dentis3.mx\/wp-content\/uploads\/2026\/01\/Brackets-768x768.jpg\" class=\"attachment-medium_large size-medium_large wp-image-212\" alt=\"\" srcset=\"https:\/\/dentis3.mx\/wp-content\/uploads\/2026\/01\/Brackets-768x768.jpg 768w, https:\/\/dentis3.mx\/wp-content\/uploads\/2026\/01\/Brackets-300x300.jpg 300w, https:\/\/dentis3.mx\/wp-content\/uploads\/2026\/01\/Brackets-150x150.jpg 150w, https:\/\/dentis3.mx\/wp-content\/uploads\/2026\/01\/Brackets-12x12.jpg 12w, https:\/\/dentis3.mx\/wp-content\/uploads\/2026\/01\/Brackets.jpg 960w\" sizes=\"(max-width: 768px) 100vw, 768px\" \/>\t\t\t\t\t\t\t\t\t\t\t\t\t\t\t<\/div>\n\t\t\t\t<\/div>\n\t\t<div class=\"elementor-element elementor-element-50e6427 e-con-full e-flex e-con e-child\" data-id=\"50e6427\" data-element_type=\"container\" data-e-type=\"container\">\n\t\t\t\t<div class=\"elementor-element elementor-element-a1e63ac elementor-widget elementor-widget-text-editor\" data-id=\"a1e63ac\" data-element_type=\"widget\" data-e-type=\"widget\" data-widget_type=\"text-editor.default\">\n\t\t\t\t\t\t\t\t\t<p data-start=\"150\" data-end=\"423\">The <strong data-start=\"153\" data-end=\"167\">-Orthodontics<\/strong> It is the specialized dental treatment in <strong data-start=\"210\" data-end=\"255\">align teeth and correct bite<\/strong>It improves both the aesthetics of your smile and the health of your mouth. It helps correct problems such as crooked, crowded, or gapped teeth, or misalignment when biting.<\/p><p>Contamos con variedad de brackets, met\u00e1licos, est\u00e9ticos, cer\u00e1micos y de autoligado, de acuerdo a tus necesidades y preferencia.<\/p><p>Si prefieres alineadores invisibles, la ORTODONCIA DIGITAL ofrece tratamientos con menos visitas al consultorio, corto tiempo de tratamiento y mayor comodidad de uso.<\/p><p>Para los ni\u00f1os y adolescentes la ORTOPEDIA MAXILAR permite el desarrollo de los maxilares creando espacio para los dientes permanentes, asi como la correcci\u00f3n de la mordida en la etapa de crecimiento<\/p><p data-start=\"634\" data-end=\"668\">\u2728 <strong data-start=\"636\" data-end=\"668\">Benefits of orthodontics:<\/strong><\/p><ul data-start=\"669\" data-end=\"833\"><li data-start=\"669\" data-end=\"700\"><p data-start=\"671\" data-end=\"700\">Aligned and aesthetic smile<\/p><\/li><li data-start=\"701\" data-end=\"748\"><p data-start=\"703\" data-end=\"748\">Improves bite and chewing function<\/p><\/li><li data-start=\"749\" data-end=\"779\"><p data-start=\"751\" data-end=\"779\">Facilitates dental hygiene<\/p><\/li><li data-start=\"780\" data-end=\"833\"><p data-start=\"782\" data-end=\"833\">Previene desgaste dental y problemas de temporo mandibular como apretamiento y bruxismo.<\/p><\/li><\/ul><p data-start=\"835\" data-end=\"918\">Today there are options <strong data-start=\"863\" data-end=\"886\">discreet and comfortable<\/strong>, adapted to your lifestyle.<\/p><p data-start=\"920\" data-end=\"1010\">\ud83d\udcc5<a href=\"https:\/\/wa.me\/528781229956?text=Me%20podr%C3%ADa%20dar%20informacion%20de%20Ortodoncia\"> <strong data-start=\"923\" data-end=\"947\">Schedule your clinical evaluation<\/strong><\/a> And so begins the journey towards the smile you've always wanted.<\/p>\t\t\t\t\t\t\t\t<\/div>\n\t\t\t\t<div class=\"elementor-element elementor-element-6bc6d9f elementor-button-info elementor-align-center elementor-widget elementor-widget-button\" data-id=\"6bc6d9f\" data-element_type=\"widget\" data-e-type=\"widget\" data-widget_type=\"button.default\">\n\t\t\t\t\t\t\t\t\t\t<a class=\"elementor-button elementor-button-link elementor-size-sm\" href=\"https:\/\/wa.me\/528781229956?text=Me%20gustaria%20una%20cita%20para%20valoracion%20de%20Ortodoncia\">\n\t\t\t\t\t\t<span class=\"elementor-button-content-wrapper\">\n\t\t\t\t\t\t\t\t\t<span class=\"elementor-button-text\">Book Now<\/span>\n\t\t\t\t\t<\/span>\n\t\t\t\t\t<\/a>\n\t\t\t\t\t\t\t\t<\/div>\n\t\t\t\t<\/div>\n\t\t\t\t<\/div>\n\t\t\t\t\t<\/div>\n\t\t\t\t<\/div>\n\t\t<div class=\"elementor-element elementor-element-58326f9 e-flex e-con-boxed e-con e-parent\" data-id=\"58326f9\" data-element_type=\"container\" data-e-type=\"container\">\n\t\t\t\t\t<div class=\"e-con-inner\">\n\t\t\t\t<div class=\"elementor-element elementor-element-d517764 elementor-widget elementor-widget-heading\" data-id=\"d517764\" data-element_type=\"widget\" data-e-type=\"widget\" data-widget_type=\"heading.default\">\n\t\t\t\t\t<h2 class=\"elementor-heading-title elementor-size-default\">Galeria Ortodoncia<\/h2>\t\t\t\t<\/div>\n\t\t\t\t<div class=\"elementor-element elementor-element-a2162b1 elementor-arrows-position-inside elementor-pagination-position-outside elementor-widget elementor-widget-image-carousel\" data-id=\"a2162b1\" data-element_type=\"widget\" data-e-type=\"widget\" data-settings=\"{&quot;navigation&quot;:&quot;both&quot;,&quot;autoplay&quot;:&quot;yes&quot;,&quot;pause_on_hover&quot;:&quot;yes&quot;,&quot;pause_on_interaction&quot;:&quot;yes&quot;,&quot;autoplay_speed&quot;:5000,&quot;infinite&quot;:&quot;yes&quot;,&quot;speed&quot;:500}\" data-widget_type=\"image-carousel.default\">\n\t\t\t\t\t\t\t<div class=\"elementor-image-carousel-wrapper swiper\" role=\"region\" aria-roledescription=\"carousel\" aria-label=\"Carrusel de Im\u00e1genes\" dir=\"ltr\">\n\t\t\t<div class=\"elementor-image-carousel swiper-wrapper swiper-image-stretch\" aria-live=\"off\">\n\t\t\t\t\t\t\t\t<div class=\"swiper-slide\" role=\"group\" aria-roledescription=\"slide\" aria-label=\"1 de 4\"><figure class=\"swiper-slide-inner\"><img decoding=\"async\" class=\"swiper-slide-image\" src=\"https:\/\/dentis3.mx\/wp-content\/uploads\/2026\/01\/Brackets-Esteticos-1-1024x1024.png\" alt=\"Brackets Esteticos\" \/><\/figure><\/div><div class=\"swiper-slide\" role=\"group\" aria-roledescription=\"slide\" aria-label=\"2 de 4\"><figure class=\"swiper-slide-inner\"><img decoding=\"async\" class=\"swiper-slide-image\" src=\"https:\/\/dentis3.mx\/wp-content\/uploads\/2026\/01\/Invisilign-2-1-1024x1024.png\" alt=\"Invisilign 2\" \/><\/figure><\/div><div class=\"swiper-slide\" role=\"group\" aria-roledescription=\"slide\" aria-label=\"3 de 4\"><figure class=\"swiper-slide-inner\"><img decoding=\"async\" class=\"swiper-slide-image\" src=\"https:\/\/dentis3.mx\/wp-content\/uploads\/2026\/01\/Ortodoncia-1-1024x1024.png\" alt=\"Ortodoncia\" \/><\/figure><\/div><div class=\"swiper-slide\" role=\"group\" aria-roledescription=\"slide\" aria-label=\"4 de 4\"><figure class=\"swiper-slide-inner\"><img decoding=\"async\" class=\"swiper-slide-image\" src=\"https:\/\/dentis3.mx\/wp-content\/uploads\/2026\/01\/Ortopedia-Maxilar-1-1024x1024.png\" alt=\"Ortopedia Maxilar\" \/><\/figure><\/div>\t\t\t<\/div>\n\t\t\t\t\t\t\t\t\t\t\t\t<div class=\"elementor-swiper-button elementor-swiper-button-prev\" role=\"button\" tabindex=\"0\">\n\t\t\t\t\t\t<svg aria-hidden=\"true\" class=\"e-font-icon-svg e-eicon-chevron-left\" viewbox=\"0 0 1000 1000\" xmlns=\"http:\/\/www.w3.org\/2000\/svg\"><path d=\"M646 125C629 125 613 133 604 142L308 442C296 454 292 471 292 487 292 504 296 521 308 533L604 854C617 867 629 875 646 875 663 875 679 871 692 858 704 846 713 829 713 812 713 796 708 779 692 767L438 487 692 225C700 217 708 204 708 187 708 171 704 154 692 142 675 129 663 125 646 125Z\"><\/path><\/svg>\t\t\t\t\t<\/div>\n\t\t\t\t\t<div class=\"elementor-swiper-button elementor-swiper-button-next\" role=\"button\" tabindex=\"0\">\n\t\t\t\t\t\t<svg aria-hidden=\"true\" class=\"e-font-icon-svg e-eicon-chevron-right\" viewbox=\"0 0 1000 1000\" xmlns=\"http:\/\/www.w3.org\/2000\/svg\"><path d=\"M696 533C708 521 713 504 713 487 713 471 708 454 696 446L400 146C388 133 375 125 354 125 338 125 325 129 313 142 300 154 292 171 292 187 292 204 296 221 308 233L563 492 304 771C292 783 288 800 288 817 288 833 296 850 308 863 321 871 338 875 354 875 371 875 388 867 400 854L696 533Z\"><\/path><\/svg>\t\t\t\t\t<\/div>\n\t\t\t\t\n\t\t\t\t\t\t\t\t\t<div class=\"swiper-pagination\"><\/div>\n\t\t\t\t\t\t\t\t\t<\/div>\n\t\t\t\t\t\t<\/div>\n\t\t\t\t\t<\/div>\n\t\t\t\t<\/div>\n\t\t\t\t<\/div>","protected":false},"excerpt":{"rendered":"<p>\u00bfQu\u00e9 es la Ortodoncia? La ortodoncia es el tratamiento dental especializado en alinear los dientes y corregir la mordida, mejorando [&hellip;]<\/p>","protected":false},"author":1,"featured_media":0,"parent":6,"menu_order":0,"comment_status":"closed","ping_status":"closed","template":"","meta":{"om_disable_all_campaigns":false,"_monsterinsights_skip_tracking":false,"_monsterinsights_sitenote_active":false,"_monsterinsights_sitenote_note":"","_monsterinsights_sitenote_category":0,"site-sidebar-layout":"no-sidebar","site-content-layout":"","ast-site-content-layout":"full-width-container","site-content-style":"default","site-sidebar-style":"default","ast-global-header-display":"","ast-banner-title-visibility":"","ast-main-header-display":"","ast-hfb-above-header-display":"","ast-hfb-below-header-display":"","ast-hfb-mobile-header-display":"","site-post-title":"","ast-breadcrumbs-content":"","ast-featured-img":"disabled","footer-sml-layout":"","ast-disable-related-posts":"","theme-transparent-header-meta":"","adv-header-id-meta":"","stick-header-meta":"","header-above-stick-meta":"","header-main-stick-meta":"","header-below-stick-meta":"","astra-migrate-meta-layouts":"default","ast-page-background-enabled":"default","ast-page-background-meta":{"desktop":{"background-color":"var(--ast-global-color-5)","background-image":"","background-repeat":"repeat","background-position":"center center","background-size":"auto","background-attachment":"scroll","background-type":"","background-media":"","overlay-type":"","overlay-color":"","overlay-opacity":"","overlay-gradient":""},"tablet":{"background-color":"","background-image":"","background-repeat":"repeat","background-position":"center center","background-size":"auto","background-attachment":"scroll","background-type":"","background-media":"","overlay-type":"","overlay-color":"","overlay-opacity":"","overlay-gradient":""},"mobile":{"background-color":"","background-image":"","background-repeat":"repeat","background-position":"center center","background-size":"auto","background-attachment":"scroll","background-type":"","background-media":"","overlay-type":"","overlay-color":"","overlay-opacity":"","overlay-gradient":""}},"ast-content-background-meta":{"desktop":{"background-color":"var(--ast-global-color-4)","background-image":"","background-repeat":"repeat","background-position":"center center","background-size":"auto","background-attachment":"scroll","background-type":"","background-media":"","overlay-type":"","overlay-color":"","overlay-opacity":"","overlay-gradient":""},"tablet":{"background-color":"var(--ast-global-color-4)","background-image":"","background-repeat":"repeat","background-position":"center center","background-size":"auto","background-attachment":"scroll","background-type":"","background-media":"","overlay-type":"","overlay-color":"","overlay-opacity":"","overlay-gradient":""},"mobile":{"background-color":"var(--ast-global-color-4)","background-image":"","background-repeat":"repeat","background-position":"center center","background-size":"auto","background-attachment":"scroll","background-type":"","background-media":"","overlay-type":"","overlay-color":"","overlay-opacity":"","overlay-gradient":""}},"footnotes":""},"class_list":["post-185","page","type-page","status-publish","hentry"],"aioseo_notices":[],"_hostinger_reach_plugin_has_subscription_block":false,"_hostinger_reach_plugin_is_elementor":false,"_links":{"self":[{"href":"https:\/\/dentis3.mx\/en\/wp-json\/wp\/v2\/pages\/185","targetHints":{"allow":["GET"]}}],"collection":[{"href":"https:\/\/dentis3.mx\/en\/wp-json\/wp\/v2\/pages"}],"about":[{"href":"https:\/\/dentis3.mx\/en\/wp-json\/wp\/v2\/types\/page"}],"author":[{"embeddable":true,"href":"https:\/\/dentis3.mx\/en\/wp-json\/wp\/v2\/users\/1"}],"replies":[{"embeddable":true,"href":"https:\/\/dentis3.mx\/en\/wp-json\/wp\/v2\/comments?post=185"}],"version-history":[{"count":34,"href":"https:\/\/dentis3.mx\/en\/wp-json\/wp\/v2\/pages\/185\/revisions"}],"predecessor-version":[{"id":554,"href":"https:\/\/dentis3.mx\/en\/wp-json\/wp\/v2\/pages\/185\/revisions\/554"}],"up":[{"embeddable":true,"href":"https:\/\/dentis3.mx\/en\/wp-json\/wp\/v2\/pages\/6"}],"wp:attachment":[{"href":"https:\/\/dentis3.mx\/en\/wp-json\/wp\/v2\/media?parent=185"}],"curies":[{"name":"wp","href":"https:\/\/api.w.org\/{rel}","templated":true}]}}