{"id":134,"date":"2026-01-08T16:03:57","date_gmt":"2026-01-08T16:03:57","guid":{"rendered":"https:\/\/dentis3.mx\/?page_id=134"},"modified":"2026-01-14T17:54:13","modified_gmt":"2026-01-14T17:54:13","slug":"blanqueamiento","status":"publish","type":"page","link":"https:\/\/dentis3.mx\/en\/soluciones-dentales\/blanqueamiento\/","title":{"rendered":"Teeth whitening"},"content":{"rendered":"<div data-elementor-type=\"wp-page\" data-elementor-id=\"134\" class=\"elementor elementor-134\">\n\t\t\t\t<div class=\"elementor-element elementor-element-a1a1c9d e-flex e-con-boxed e-con e-parent\" data-id=\"a1a1c9d\" data-element_type=\"container\" data-e-type=\"container\">\n\t\t\t\t\t<div class=\"e-con-inner\">\n\t\t\t\t<div class=\"elementor-element elementor-element-6ccab8d elementor-widget elementor-widget-heading\" data-id=\"6ccab8d\" data-element_type=\"widget\" data-e-type=\"widget\" data-widget_type=\"heading.default\">\n\t\t\t\t\t<h2 class=\"elementor-heading-title elementor-size-default\">What is teeth whitening?<\/h2>\t\t\t\t<\/div>\n\t\t<div class=\"elementor-element elementor-element-d6d7bc1 e-con-full e-flex e-con e-child\" data-id=\"d6d7bc1\" data-element_type=\"container\" data-e-type=\"container\">\n\t\t\t\t<div class=\"elementor-element elementor-element-78b5f28 elementor-widget elementor-widget-image\" data-id=\"78b5f28\" data-element_type=\"widget\" data-e-type=\"widget\" data-widget_type=\"image.default\">\n\t\t\t\t\t\t\t\t\t\t\t\t\t\t\t<img fetchpriority=\"high\" decoding=\"async\" width=\"1080\" height=\"1080\" src=\"https:\/\/dentis3.mx\/wp-content\/uploads\/2026\/01\/blanqueamiento-6.jpg\" class=\"attachment-1536x1536 size-1536x1536 wp-image-522\" alt=\"\" srcset=\"https:\/\/dentis3.mx\/wp-content\/uploads\/2026\/01\/blanqueamiento-6.jpg 1080w, https:\/\/dentis3.mx\/wp-content\/uploads\/2026\/01\/blanqueamiento-6-300x300.jpg 300w, https:\/\/dentis3.mx\/wp-content\/uploads\/2026\/01\/blanqueamiento-6-1024x1024.jpg 1024w, https:\/\/dentis3.mx\/wp-content\/uploads\/2026\/01\/blanqueamiento-6-150x150.jpg 150w, https:\/\/dentis3.mx\/wp-content\/uploads\/2026\/01\/blanqueamiento-6-768x768.jpg 768w, https:\/\/dentis3.mx\/wp-content\/uploads\/2026\/01\/blanqueamiento-6-12x12.jpg 12w\" sizes=\"(max-width: 1080px) 100vw, 1080px\" \/>\t\t\t\t\t\t\t\t\t\t\t\t\t\t\t<\/div>\n\t\t<div class=\"elementor-element elementor-element-d66fa60 e-con-full e-flex e-con e-child\" data-id=\"d66fa60\" data-element_type=\"container\" data-e-type=\"container\">\n\t\t\t\t<div class=\"elementor-element elementor-element-6da6776 elementor-widget elementor-widget-text-editor\" data-id=\"6da6776\" data-element_type=\"widget\" data-e-type=\"widget\" data-widget_type=\"text-editor.default\">\n\t\t\t\t\t\t\t\t\t<p data-start=\"122\" data-end=\"159\">El blanqueamiento dental es un tratamiento est\u00e9tico dise\u00f1ado para aclarar el color de los dientes y devolverle a tu sonrisa un aspecto m\u00e1s blanco, brillante y rejuvenecido. Elimina manchas causadas por caf\u00e9, t\u00e9, vino, tabaco y el paso del tiempo, de forma segura y efectiva.<\/p><p data-start=\"449\" data-end=\"619\">This procedure is quick, non-invasive, and performed under professional supervision, guaranteeing visible results from the first session without damaging the tooth enamel.<\/p><p data-start=\"621\" data-end=\"664\">\u2728 <strong data-start=\"623\" data-end=\"664\">Benefits of teeth whitening:<\/strong><\/p><ul data-start=\"665\" data-end=\"827\"><li data-start=\"665\" data-end=\"698\"><p data-start=\"667\" data-end=\"698\">A whiter, brighter smile<\/p><\/li><li data-start=\"699\" data-end=\"743\"><p data-start=\"701\" data-end=\"743\">Immediate improvement in dental appearance<\/p><\/li><li data-start=\"744\" data-end=\"779\"><p data-start=\"746\" data-end=\"779\">Safe and controlled treatment<\/p><\/li><li data-start=\"780\" data-end=\"827\"><p data-start=\"782\" data-end=\"827\">Smiles increase confidence and security.<\/p><\/li><\/ul><p data-start=\"829\" data-end=\"929\">Teeth whitening is ideal for those who want to improve their smile quickly and naturally.<\/p><p data-start=\"931\" data-end=\"1036\">\ud83d\udcc5<a href=\"https:\/\/wa.me\/528781229956?text=Me%20podr%C3%ADa%20dar%20informacion%20del%20blanqueamiento%20dental\"> <strong data-start=\"934\" data-end=\"958\">Schedule your clinical evaluation<\/strong><\/a> and discover how we can help you achieve the smile you've always wanted.\u00a0<\/p>\t\t\t\t\t\t\t\t<\/div>\n\t\t\t\t<div class=\"elementor-element elementor-element-eb92208 elementor-button-info elementor-align-center elementor-widget elementor-widget-button\" data-id=\"eb92208\" data-element_type=\"widget\" data-e-type=\"widget\" data-widget_type=\"button.default\">\n\t\t\t\t\t\t\t\t\t\t<a class=\"elementor-button elementor-button-link elementor-size-sm\" href=\"https:\/\/wa.me\/528781229956?text=Me%20gustaria%20una%20cita%20para%20Blanqueamiento%20Dental\">\n\t\t\t\t\t\t<span class=\"elementor-button-content-wrapper\">\n\t\t\t\t\t\t\t\t\t<span class=\"elementor-button-text\">Book Now<\/span>\n\t\t\t\t\t<\/span>\n\t\t\t\t\t<\/a>\n\t\t\t\t\t\t\t\t<\/div>\n\t\t\t\t<\/div>\n\t\t\t\t<\/div>\n\t\t\t\t\t<\/div>\n\t\t\t\t<\/div>\n\t\t<div class=\"elementor-element elementor-element-da02064 e-flex e-con-boxed e-con e-parent\" data-id=\"da02064\" data-element_type=\"container\" data-e-type=\"container\">\n\t\t\t\t\t<div class=\"e-con-inner\">\n\t\t\t\t<div class=\"elementor-element elementor-element-edae65e elementor-widget elementor-widget-heading\" data-id=\"edae65e\" data-element_type=\"widget\" data-e-type=\"widget\" data-widget_type=\"heading.default\">\n\t\t\t\t\t<h2 class=\"elementor-heading-title elementor-size-default\">Galeria Blanqueamiento<\/h2>\t\t\t\t<\/div>\n\t\t\t\t<div class=\"elementor-element elementor-element-eb10518 elementor-arrows-position-inside elementor-pagination-position-outside elementor-widget elementor-widget-image-carousel\" data-id=\"eb10518\" data-element_type=\"widget\" data-e-type=\"widget\" data-settings=\"{&quot;navigation&quot;:&quot;both&quot;,&quot;autoplay&quot;:&quot;yes&quot;,&quot;pause_on_hover&quot;:&quot;yes&quot;,&quot;pause_on_interaction&quot;:&quot;yes&quot;,&quot;autoplay_speed&quot;:5000,&quot;infinite&quot;:&quot;yes&quot;,&quot;speed&quot;:500}\" data-widget_type=\"image-carousel.default\">\n\t\t\t\t\t\t\t<div class=\"elementor-image-carousel-wrapper swiper\" role=\"region\" aria-roledescription=\"carousel\" aria-label=\"Carrusel de Im\u00e1genes\" dir=\"ltr\">\n\t\t\t<div class=\"elementor-image-carousel swiper-wrapper\" aria-live=\"off\">\n\t\t\t\t\t\t\t\t<div class=\"swiper-slide\" role=\"group\" aria-roledescription=\"slide\" aria-label=\"1 of 3\"><figure class=\"swiper-slide-inner\"><img decoding=\"async\" class=\"swiper-slide-image\" src=\"https:\/\/dentis3.mx\/wp-content\/uploads\/2026\/01\/BL2-1024x1024.png\" alt=\"BL2\" \/><\/figure><\/div><div class=\"swiper-slide\" role=\"group\" aria-roledescription=\"slide\" aria-label=\"2 de 3\"><figure class=\"swiper-slide-inner\"><img decoding=\"async\" class=\"swiper-slide-image\" src=\"https:\/\/dentis3.mx\/wp-content\/uploads\/2026\/01\/BL3-1024x1024.png\" alt=\"BL3\" \/><\/figure><\/div><div class=\"swiper-slide\" role=\"group\" aria-roledescription=\"slide\" aria-label=\"3 de 3\"><figure class=\"swiper-slide-inner\"><img decoding=\"async\" class=\"swiper-slide-image\" src=\"https:\/\/dentis3.mx\/wp-content\/uploads\/2026\/01\/BL1_1-1024x1024.png\" alt=\"BL1_1\" \/><\/figure><\/div>\t\t\t<\/div>\n\t\t\t\t\t\t\t\t\t\t\t\t<div class=\"elementor-swiper-button elementor-swiper-button-prev\" role=\"button\" tabindex=\"0\">\n\t\t\t\t\t\t<svg aria-hidden=\"true\" class=\"e-font-icon-svg e-eicon-chevron-left\" viewbox=\"0 0 1000 1000\" xmlns=\"http:\/\/www.w3.org\/2000\/svg\"><path d=\"M646 125C629 125 613 133 604 142L308 442C296 454 292 471 292 487 292 504 296 521 308 533L604 854C617 867 629 875 646 875 663 875 679 871 692 858 704 846 713 829 713 812 713 796 708 779 692 767L438 487 692 225C700 217 708 204 708 187 708 171 704 154 692 142 675 129 663 125 646 125Z\"><\/path><\/svg>\t\t\t\t\t<\/div>\n\t\t\t\t\t<div class=\"elementor-swiper-button elementor-swiper-button-next\" role=\"button\" tabindex=\"0\">\n\t\t\t\t\t\t<svg aria-hidden=\"true\" class=\"e-font-icon-svg e-eicon-chevron-right\" viewbox=\"0 0 1000 1000\" xmlns=\"http:\/\/www.w3.org\/2000\/svg\"><path d=\"M696 533C708 521 713 504 713 487 713 471 708 454 696 446L400 146C388 133 375 125 354 125 338 125 325 129 313 142 300 154 292 171 292 187 292 204 296 221 308 233L563 492 304 771C292 783 288 800 288 817 288 833 296 850 308 863 321 871 338 875 354 875 371 875 388 867 400 854L696 533Z\"><\/path><\/svg>\t\t\t\t\t<\/div>\n\t\t\t\t\n\t\t\t\t\t\t\t\t\t<div class=\"swiper-pagination\"><\/div>\n\t\t\t\t\t\t\t\t\t<\/div>\n\t\t\t\t\t\t<\/div>\n\t\t\t\t\t<\/div>\n\t\t\t\t<\/div>\n\t\t\t\t<\/div>","protected":false},"excerpt":{"rendered":"<p>\u00bfQu\u00e9 es el blanqueamiento dental? El blanqueamiento dental es un tratamiento est\u00e9tico dise\u00f1ado para aclarar el color de los dientes [&hellip;]<\/p>","protected":false},"author":1,"featured_media":0,"parent":6,"menu_order":0,"comment_status":"closed","ping_status":"closed","template":"","meta":{"om_disable_all_campaigns":false,"_monsterinsights_skip_tracking":false,"_monsterinsights_sitenote_active":false,"_monsterinsights_sitenote_note":"","_monsterinsights_sitenote_category":0,"site-sidebar-layout":"no-sidebar","site-content-layout":"","ast-site-content-layout":"full-width-container","site-content-style":"default","site-sidebar-style":"default","ast-global-header-display":"","ast-banner-title-visibility":"","ast-main-header-display":"","ast-hfb-above-header-display":"","ast-hfb-below-header-display":"","ast-hfb-mobile-header-display":"","site-post-title":"","ast-breadcrumbs-content":"","ast-featured-img":"disabled","footer-sml-layout":"","ast-disable-related-posts":"","theme-transparent-header-meta":"","adv-header-id-meta":"","stick-header-meta":"","header-above-stick-meta":"","header-main-stick-meta":"","header-below-stick-meta":"","astra-migrate-meta-layouts":"default","ast-page-background-enabled":"default","ast-page-background-meta":{"desktop":{"background-color":"var(--ast-global-color-5)","background-image":"","background-repeat":"repeat","background-position":"center center","background-size":"auto","background-attachment":"scroll","background-type":"","background-media":"","overlay-type":"","overlay-color":"","overlay-opacity":"","overlay-gradient":""},"tablet":{"background-color":"","background-image":"","background-repeat":"repeat","background-position":"center center","background-size":"auto","background-attachment":"scroll","background-type":"","background-media":"","overlay-type":"","overlay-color":"","overlay-opacity":"","overlay-gradient":""},"mobile":{"background-color":"","background-image":"","background-repeat":"repeat","background-position":"center center","background-size":"auto","background-attachment":"scroll","background-type":"","background-media":"","overlay-type":"","overlay-color":"","overlay-opacity":"","overlay-gradient":""}},"ast-content-background-meta":{"desktop":{"background-color":"var(--ast-global-color-4)","background-image":"","background-repeat":"repeat","background-position":"center center","background-size":"auto","background-attachment":"scroll","background-type":"","background-media":"","overlay-type":"","overlay-color":"","overlay-opacity":"","overlay-gradient":""},"tablet":{"background-color":"var(--ast-global-color-4)","background-image":"","background-repeat":"repeat","background-position":"center center","background-size":"auto","background-attachment":"scroll","background-type":"","background-media":"","overlay-type":"","overlay-color":"","overlay-opacity":"","overlay-gradient":""},"mobile":{"background-color":"var(--ast-global-color-4)","background-image":"","background-repeat":"repeat","background-position":"center center","background-size":"auto","background-attachment":"scroll","background-type":"","background-media":"","overlay-type":"","overlay-color":"","overlay-opacity":"","overlay-gradient":""}},"footnotes":""},"class_list":["post-134","page","type-page","status-publish","hentry"],"aioseo_notices":[],"_hostinger_reach_plugin_has_subscription_block":false,"_hostinger_reach_plugin_is_elementor":false,"_links":{"self":[{"href":"https:\/\/dentis3.mx\/en\/wp-json\/wp\/v2\/pages\/134","targetHints":{"allow":["GET"]}}],"collection":[{"href":"https:\/\/dentis3.mx\/en\/wp-json\/wp\/v2\/pages"}],"about":[{"href":"https:\/\/dentis3.mx\/en\/wp-json\/wp\/v2\/types\/page"}],"author":[{"embeddable":true,"href":"https:\/\/dentis3.mx\/en\/wp-json\/wp\/v2\/users\/1"}],"replies":[{"embeddable":true,"href":"https:\/\/dentis3.mx\/en\/wp-json\/wp\/v2\/comments?post=134"}],"version-history":[{"count":28,"href":"https:\/\/dentis3.mx\/en\/wp-json\/wp\/v2\/pages\/134\/revisions"}],"predecessor-version":[{"id":536,"href":"https:\/\/dentis3.mx\/en\/wp-json\/wp\/v2\/pages\/134\/revisions\/536"}],"up":[{"embeddable":true,"href":"https:\/\/dentis3.mx\/en\/wp-json\/wp\/v2\/pages\/6"}],"wp:attachment":[{"href":"https:\/\/dentis3.mx\/en\/wp-json\/wp\/v2\/media?parent=134"}],"curies":[{"name":"wp","href":"https:\/\/api.w.org\/{rel}","templated":true}]}}